{"id":6304,"date":"2022-07-18T15:30:55","date_gmt":"2022-07-18T15:30:55","guid":{"rendered":"https:\/\/www.liftasesores.cl\/?page_id=6304"},"modified":"2022-08-09T03:46:29","modified_gmt":"2022-08-09T03:46:29","slug":"formacion-y-capacitacion","status":"publish","type":"page","link":"https:\/\/www.liftasesores.cl\/?page_id=6304","title":{"rendered":"Formaci\u00f3n y Capacitaci\u00f3n"},"content":{"rendered":"\t\t<div data-elementor-type=\"wp-page\" data-elementor-id=\"6304\" class=\"elementor elementor-6304\" data-elementor-settings=\"{&quot;scroll_snap&quot;:&quot;yes&quot;}\">\n\t\t\t\t\t\t\t\t\t<section class=\"elementor-section elementor-top-section elementor-element elementor-element-031f3a3 elementor-section-boxed elementor-section-height-default elementor-section-height-default\" data-id=\"031f3a3\" data-element_type=\"section\">\n\t\t\t\t\t\t<div class=\"elementor-container elementor-column-gap-default\">\n\t\t\t\t\t<div class=\"elementor-column elementor-col-100 elementor-top-column elementor-element elementor-element-8e900ff\" data-id=\"8e900ff\" data-element_type=\"column\">\n\t\t\t<div class=\"elementor-widget-wrap elementor-element-populated\">\n\t\t\t\t\t\t\t\t<section class=\"elementor-section elementor-inner-section elementor-element elementor-element-c89c508 elementor-section-boxed elementor-section-height-default elementor-section-height-default\" data-id=\"c89c508\" data-element_type=\"section\">\n\t\t\t\t\t\t<div class=\"elementor-container elementor-column-gap-default\">\n\t\t\t\t\t<div class=\"elementor-column elementor-col-50 elementor-inner-column elementor-element elementor-element-c6220d0\" data-id=\"c6220d0\" data-element_type=\"column\">\n\t\t\t<div class=\"elementor-widget-wrap elementor-element-populated\">\n\t\t\t\t\t\t\t\t<div class=\"elementor-element elementor-element-6d4c01a elementor-widget elementor-widget-image\" data-id=\"6d4c01a\" data-element_type=\"widget\" data-widget_type=\"image.default\">\n\t\t\t\t<div class=\"elementor-widget-container\">\n\t\t\t\t\t\t\t\t\t\t\t\t\t\t\t<img loading=\"lazy\" decoding=\"async\" width=\"474\" height=\"324\" src=\"https:\/\/www.liftasesores.cl\/wp-content\/uploads\/2022\/07\/6461-1-474x324.jpg\" class=\"attachment-meccarouselthumb size-meccarouselthumb\" alt=\"\" \/>\t\t\t\t\t\t\t\t\t\t\t\t\t\t\t<\/div>\n\t\t\t\t<\/div>\n\t\t\t\t\t<\/div>\n\t\t<\/div>\n\t\t\t\t<div class=\"elementor-column elementor-col-50 elementor-inner-column elementor-element elementor-element-43d8709\" data-id=\"43d8709\" data-element_type=\"column\">\n\t\t\t<div class=\"elementor-widget-wrap elementor-element-populated\">\n\t\t\t\t\t\t\t\t<div class=\"elementor-element elementor-element-70c4a89 elementor-widget elementor-widget-text-editor\" data-id=\"70c4a89\" data-element_type=\"widget\" data-widget_type=\"text-editor.default\">\n\t\t\t\t<div class=\"elementor-widget-container\">\n\t\t\t\t\t\t\t<p><span style=\"color: var(--the7-base-color); letter-spacing: var(--the7-base-letter-spacing); text-transform: var(--the7-base-text-transform); word-spacing: normal;\">\u00a0<\/span><\/p><p><span style=\"color: var(--the7-base-color); letter-spacing: var(--the7-base-letter-spacing); text-transform: var(--the7-base-text-transform); word-spacing: normal;\">\u00a0<\/span><\/p><p><span style=\"color: var(--the7-base-color); letter-spacing: var(--the7-base-letter-spacing); text-transform: var(--the7-base-text-transform); word-spacing: normal;\">Queremos que nuestros clientes mejoren el desempe\u00f1o del talento humano, el cual, es el \u00fanico recurso vivo dentro de las organizaciones.\u00a0 Con el objetivo de aumentar su desempe\u00f1o y mejorar la productividad para alcanzar de manera m\u00e1s eficiente los objetivos estrat\u00e9gicos de la organizaci\u00f3n.<\/span><\/p><p>\u00a0<\/p>\t\t\t\t\t\t<\/div>\n\t\t\t\t<\/div>\n\t\t\t\t\t<\/div>\n\t\t<\/div>\n\t\t\t\t\t\t\t<\/div>\n\t\t<\/section>\n\t\t\t\t\t<\/div>\n\t\t<\/div>\n\t\t\t\t\t\t\t<\/div>\n\t\t<\/section>\n\t\t\t\t<section class=\"elementor-section elementor-top-section elementor-element elementor-element-aa9146b elementor-section-boxed elementor-section-height-default elementor-section-height-default\" data-id=\"aa9146b\" data-element_type=\"section\">\n\t\t\t\t\t\t<div class=\"elementor-container elementor-column-gap-default\">\n\t\t\t\t\t<div class=\"elementor-column elementor-col-50 elementor-top-column elementor-element elementor-element-c5a7894\" data-id=\"c5a7894\" data-element_type=\"column\">\n\t\t\t<div class=\"elementor-widget-wrap elementor-element-populated\">\n\t\t\t\t\t\t\t\t<div class=\"elementor-element elementor-element-2990633 elementor-widget elementor-widget-text-editor\" data-id=\"2990633\" data-element_type=\"widget\" data-widget_type=\"text-editor.default\">\n\t\t\t\t<div class=\"elementor-widget-container\">\n\t\t\t\t\t\t\t<p>\u00a0<\/p><p>\u00a0<\/p><p>\u00a0<\/p><p>Con la actualizaci\u00f3n continua de los conocimientos, pr\u00e1cticas y contenidos que est\u00e1n a la vanguardia, es posible conseguir ventajas competitivas mucho m\u00e1s sostenible, teniendo colaboradores m\u00e1s preparados para enfrentar los cambiantes entornos organizacionales, la transformaci\u00f3n digital y la alta competitividad.<\/p>\t\t\t\t\t\t<\/div>\n\t\t\t\t<\/div>\n\t\t\t\t\t<\/div>\n\t\t<\/div>\n\t\t\t\t<div class=\"elementor-column elementor-col-50 elementor-top-column elementor-element elementor-element-d534497\" data-id=\"d534497\" data-element_type=\"column\">\n\t\t\t<div class=\"elementor-widget-wrap elementor-element-populated\">\n\t\t\t\t\t\t\t\t<div class=\"elementor-element elementor-element-906d6a1 elementor-widget elementor-widget-image\" data-id=\"906d6a1\" data-element_type=\"widget\" data-widget_type=\"image.default\">\n\t\t\t\t<div class=\"elementor-widget-container\">\n\t\t\t\t\t\t\t\t\t\t\t\t\t\t\t<img loading=\"lazy\" decoding=\"async\" width=\"1024\" height=\"683\" src=\"https:\/\/www.liftasesores.cl\/wp-content\/uploads\/2022\/07\/Office-workers-organizing-data-storage-1024x683.jpg\" class=\"attachment-large size-large\" alt=\"\" srcset=\"https:\/\/www.liftasesores.cl\/wp-content\/uploads\/2022\/07\/Office-workers-organizing-data-storage-1024x683.jpg 1024w, https:\/\/www.liftasesores.cl\/wp-content\/uploads\/2022\/07\/Office-workers-organizing-data-storage-300x200.jpg 300w, https:\/\/www.liftasesores.cl\/wp-content\/uploads\/2022\/07\/Office-workers-organizing-data-storage-768x512.jpg 768w, https:\/\/www.liftasesores.cl\/wp-content\/uploads\/2022\/07\/Office-workers-organizing-data-storage-391x260.jpg 391w, https:\/\/www.liftasesores.cl\/wp-content\/uploads\/2022\/07\/Office-workers-organizing-data-storage-1536x1024.jpg 1536w, https:\/\/www.liftasesores.cl\/wp-content\/uploads\/2022\/07\/Office-workers-organizing-data-storage-2048x1365.jpg 2048w\" sizes=\"auto, (max-width: 1024px) 100vw, 1024px\" \/>\t\t\t\t\t\t\t\t\t\t\t\t\t\t\t<\/div>\n\t\t\t\t<\/div>\n\t\t\t\t\t<\/div>\n\t\t<\/div>\n\t\t\t\t\t\t\t<\/div>\n\t\t<\/section>\n\t\t\t\t<section class=\"elementor-section elementor-top-section elementor-element elementor-element-ebd188f elementor-section-boxed elementor-section-height-default elementor-section-height-default\" data-id=\"ebd188f\" data-element_type=\"section\">\n\t\t\t\t\t\t<div class=\"elementor-container elementor-column-gap-default\">\n\t\t\t\t\t<div class=\"elementor-column elementor-col-100 elementor-top-column elementor-element elementor-element-de167aa\" data-id=\"de167aa\" data-element_type=\"column\">\n\t\t\t<div class=\"elementor-widget-wrap elementor-element-populated\">\n\t\t\t\t\t\t\t\t<div class=\"elementor-element elementor-element-7ab4c69 elementor-widget elementor-widget-heading\" data-id=\"7ab4c69\" data-element_type=\"widget\" data-widget_type=\"heading.default\">\n\t\t\t\t<div class=\"elementor-widget-container\">\n\t\t\t<h2 class=\"elementor-heading-title elementor-size-default\">\u00bfQu\u00e9 ofrecemos?<\/h2>\t\t<\/div>\n\t\t\t\t<\/div>\n\t\t\t\t\t<\/div>\n\t\t<\/div>\n\t\t\t\t\t\t\t<\/div>\n\t\t<\/section>\n\t\t\t\t<section class=\"elementor-section elementor-top-section elementor-element elementor-element-b6afe2e elementor-section-boxed elementor-section-height-default elementor-section-height-default\" data-id=\"b6afe2e\" data-element_type=\"section\">\n\t\t\t\t\t\t<div class=\"elementor-container elementor-column-gap-default\">\n\t\t\t\t\t<div class=\"elementor-column elementor-col-100 elementor-top-column elementor-element elementor-element-205a4a6\" data-id=\"205a4a6\" data-element_type=\"column\">\n\t\t\t<div class=\"elementor-widget-wrap elementor-element-populated\">\n\t\t\t\t\t\t\t\t<div class=\"elementor-element elementor-element-356f13c elementor-widget elementor-widget-image\" data-id=\"356f13c\" data-element_type=\"widget\" data-widget_type=\"image.default\">\n\t\t\t\t<div class=\"elementor-widget-container\">\n\t\t\t\t\t\t\t\t\t\t\t\t\t\t\t<img loading=\"lazy\" decoding=\"async\" width=\"150\" height=\"150\" src=\"https:\/\/www.liftasesores.cl\/wp-content\/uploads\/2022\/07\/aula-150x150.png\" class=\"attachment-thumbnail size-thumbnail\" alt=\"\" srcset=\"https:\/\/www.liftasesores.cl\/wp-content\/uploads\/2022\/07\/aula-150x150.png 150w, https:\/\/www.liftasesores.cl\/wp-content\/uploads\/2022\/07\/aula-300x300.png 300w, https:\/\/www.liftasesores.cl\/wp-content\/uploads\/2022\/07\/aula.png 512w\" sizes=\"auto, (max-width: 150px) 100vw, 150px\" \/>\t\t\t\t\t\t\t\t\t\t\t\t\t\t\t<\/div>\n\t\t\t\t<\/div>\n\t\t\t\t\t<\/div>\n\t\t<\/div>\n\t\t\t\t\t\t\t<\/div>\n\t\t<\/section>\n\t\t\t\t<section class=\"elementor-section elementor-top-section elementor-element elementor-element-563af14 elementor-section-boxed elementor-section-height-default elementor-section-height-default\" data-id=\"563af14\" data-element_type=\"section\">\n\t\t\t\t\t\t<div class=\"elementor-container elementor-column-gap-default\">\n\t\t\t\t\t<div class=\"elementor-column elementor-col-100 elementor-top-column elementor-element elementor-element-c8eac34\" data-id=\"c8eac34\" data-element_type=\"column\">\n\t\t\t<div class=\"elementor-widget-wrap elementor-element-populated\">\n\t\t\t\t\t\t\t\t<div class=\"elementor-element elementor-element-6a34e1e elementor-widget elementor-widget-text-editor\" data-id=\"6a34e1e\" data-element_type=\"widget\" data-widget_type=\"text-editor.default\">\n\t\t\t\t<div class=\"elementor-widget-container\">\n\t\t\t\t\t\t\t<center>Formamos y capacitamos a tus colaborades en las \u00e1reas del conocimiento que necesites<\/center>\t\t\t\t\t\t<\/div>\n\t\t\t\t<\/div>\n\t\t\t\t\t<\/div>\n\t\t<\/div>\n\t\t\t\t\t\t\t<\/div>\n\t\t<\/section>\n\t\t\t\t<section class=\"elementor-section elementor-top-section elementor-element elementor-element-dcd8c59 elementor-section-boxed elementor-section-height-default elementor-section-height-default\" data-id=\"dcd8c59\" data-element_type=\"section\">\n\t\t\t\t\t\t<div class=\"elementor-container elementor-column-gap-default\">\n\t\t\t\t\t<div class=\"elementor-column elementor-col-100 elementor-top-column elementor-element elementor-element-fefad57\" data-id=\"fefad57\" data-element_type=\"column\">\n\t\t\t<div class=\"elementor-widget-wrap elementor-element-populated\">\n\t\t\t\t\t\t\t\t<div class=\"elementor-element elementor-element-352b2e2 elementor-widget elementor-widget-image\" data-id=\"352b2e2\" data-element_type=\"widget\" data-widget_type=\"image.default\">\n\t\t\t\t<div class=\"elementor-widget-container\">\n\t\t\t\t\t\t\t\t\t\t\t\t\t\t\t<img loading=\"lazy\" decoding=\"async\" width=\"150\" height=\"150\" src=\"https:\/\/www.liftasesores.cl\/wp-content\/uploads\/2022\/07\/colaborativo-150x150.png\" class=\"attachment-thumbnail size-thumbnail\" alt=\"\" srcset=\"https:\/\/www.liftasesores.cl\/wp-content\/uploads\/2022\/07\/colaborativo-150x150.png 150w, https:\/\/www.liftasesores.cl\/wp-content\/uploads\/2022\/07\/colaborativo-300x300.png 300w, https:\/\/www.liftasesores.cl\/wp-content\/uploads\/2022\/07\/colaborativo.png 512w\" sizes=\"auto, (max-width: 150px) 100vw, 150px\" \/>\t\t\t\t\t\t\t\t\t\t\t\t\t\t\t<\/div>\n\t\t\t\t<\/div>\n\t\t\t\t\t<\/div>\n\t\t<\/div>\n\t\t\t\t\t\t\t<\/div>\n\t\t<\/section>\n\t\t\t\t<section class=\"elementor-section elementor-top-section elementor-element elementor-element-7f6a64f elementor-section-boxed elementor-section-height-default elementor-section-height-default\" data-id=\"7f6a64f\" data-element_type=\"section\">\n\t\t\t\t\t\t<div class=\"elementor-container elementor-column-gap-default\">\n\t\t\t\t\t<div class=\"elementor-column elementor-col-100 elementor-top-column elementor-element elementor-element-c127614\" data-id=\"c127614\" data-element_type=\"column\">\n\t\t\t<div class=\"elementor-widget-wrap elementor-element-populated\">\n\t\t\t\t\t\t\t\t<div class=\"elementor-element elementor-element-1a66994 elementor-widget elementor-widget-text-editor\" data-id=\"1a66994\" data-element_type=\"widget\" data-widget_type=\"text-editor.default\">\n\t\t\t\t<div class=\"elementor-widget-container\">\n\t\t\t\t\t\t\t<center>\u00a0Mejoramos el conocimiento y herramientas del talento humano para aumentar el desempe\u00f1o organizacional<\/center>\t\t\t\t\t\t<\/div>\n\t\t\t\t<\/div>\n\t\t\t\t\t<\/div>\n\t\t<\/div>\n\t\t\t\t\t\t\t<\/div>\n\t\t<\/section>\n\t\t\t\t<section class=\"elementor-section elementor-top-section elementor-element elementor-element-3d62794 elementor-section-boxed elementor-section-height-default elementor-section-height-default\" data-id=\"3d62794\" data-element_type=\"section\">\n\t\t\t\t\t\t<div class=\"elementor-container elementor-column-gap-default\">\n\t\t\t\t\t<div class=\"elementor-column elementor-col-100 elementor-top-column elementor-element elementor-element-0993a55\" data-id=\"0993a55\" data-element_type=\"column\">\n\t\t\t<div class=\"elementor-widget-wrap elementor-element-populated\">\n\t\t\t\t\t\t\t\t<div class=\"elementor-element elementor-element-4a99ccf elementor-widget elementor-widget-image\" data-id=\"4a99ccf\" data-element_type=\"widget\" data-widget_type=\"image.default\">\n\t\t\t\t<div class=\"elementor-widget-container\">\n\t\t\t\t\t\t\t\t\t\t\t\t\t\t\t<img loading=\"lazy\" decoding=\"async\" width=\"150\" height=\"150\" src=\"https:\/\/www.liftasesores.cl\/wp-content\/uploads\/2022\/07\/clase-virtual-150x150.png\" class=\"attachment-thumbnail size-thumbnail\" alt=\"\" srcset=\"https:\/\/www.liftasesores.cl\/wp-content\/uploads\/2022\/07\/clase-virtual-150x150.png 150w, https:\/\/www.liftasesores.cl\/wp-content\/uploads\/2022\/07\/clase-virtual-300x300.png 300w, https:\/\/www.liftasesores.cl\/wp-content\/uploads\/2022\/07\/clase-virtual.png 512w\" sizes=\"auto, (max-width: 150px) 100vw, 150px\" \/>\t\t\t\t\t\t\t\t\t\t\t\t\t\t\t<\/div>\n\t\t\t\t<\/div>\n\t\t\t\t\t<\/div>\n\t\t<\/div>\n\t\t\t\t\t\t\t<\/div>\n\t\t<\/section>\n\t\t\t\t<section class=\"elementor-section elementor-top-section elementor-element elementor-element-0b07acb elementor-section-boxed elementor-section-height-default elementor-section-height-default\" data-id=\"0b07acb\" data-element_type=\"section\">\n\t\t\t\t\t\t<div class=\"elementor-container elementor-column-gap-default\">\n\t\t\t\t\t<div class=\"elementor-column elementor-col-100 elementor-top-column elementor-element elementor-element-63209ee\" data-id=\"63209ee\" data-element_type=\"column\">\n\t\t\t<div class=\"elementor-widget-wrap elementor-element-populated\">\n\t\t\t\t\t\t\t\t<div class=\"elementor-element elementor-element-9156f9f elementor-widget elementor-widget-text-editor\" data-id=\"9156f9f\" data-element_type=\"widget\" data-widget_type=\"text-editor.default\">\n\t\t\t\t<div class=\"elementor-widget-container\">\n\t\t\t\t\t\t\t<center>\u00a0Nos adaptamos a los tiempos de tu organizaci\u00f3n, compartiendo el contenido de forma sincr\u00f3ncia o asincr\u00f3nica.\t\t\t\t\t\t<\/div>\n\t\t\t\t<\/div>\n\t\t\t\t\t<\/div>\n\t\t<\/div>\n\t\t\t\t\t\t\t<\/div>\n\t\t<\/section>\n\t\t\t\t<section class=\"elementor-section elementor-top-section elementor-element elementor-element-3ebeca4 elementor-section-boxed elementor-section-height-default elementor-section-height-default\" data-id=\"3ebeca4\" data-element_type=\"section\">\n\t\t\t\t\t\t<div class=\"elementor-container elementor-column-gap-default\">\n\t\t\t\t\t<div class=\"elementor-column elementor-col-100 elementor-top-column elementor-element elementor-element-c15e25c\" data-id=\"c15e25c\" data-element_type=\"column\">\n\t\t\t<div class=\"elementor-widget-wrap elementor-element-populated\">\n\t\t\t\t\t\t\t\t<div class=\"elementor-element elementor-element-9f4a7ac elementor-widget elementor-widget-heading\" data-id=\"9f4a7ac\" data-element_type=\"widget\" data-widget_type=\"heading.default\">\n\t\t\t\t<div class=\"elementor-widget-container\">\n\t\t\t<h2 class=\"elementor-heading-title elementor-size-default\">Servicios<\/h2>\t\t<\/div>\n\t\t\t\t<\/div>\n\t\t\t\t\t<\/div>\n\t\t<\/div>\n\t\t\t\t\t\t\t<\/div>\n\t\t<\/section>\n\t\t\t\t<section class=\"elementor-section elementor-top-section elementor-element elementor-element-9cf84e5 elementor-section-full_width elementor-section-stretched elementor-section-height-default elementor-section-height-default\" data-id=\"9cf84e5\" data-element_type=\"section\" data-settings=\"{&quot;stretch_section&quot;:&quot;section-stretched&quot;}\">\n\t\t\t\t\t\t<div class=\"elementor-container elementor-column-gap-default\">\n\t\t\t\t\t<div class=\"elementor-column elementor-col-100 elementor-top-column elementor-element elementor-element-e95b045\" data-id=\"e95b045\" data-element_type=\"column\">\n\t\t\t<div class=\"elementor-widget-wrap elementor-element-populated\">\n\t\t\t\t\t\t\t\t<div class=\"elementor-element elementor-element-7e233c1 elementor--h-position-center elementor--v-position-middle elementor-arrows-position-inside elementor-pagination-position-inside elementor-widget elementor-widget-slides\" data-id=\"7e233c1\" data-element_type=\"widget\" data-settings=\"{&quot;navigation&quot;:&quot;both&quot;,&quot;autoplay&quot;:&quot;yes&quot;,&quot;pause_on_hover&quot;:&quot;yes&quot;,&quot;pause_on_interaction&quot;:&quot;yes&quot;,&quot;autoplay_speed&quot;:5000,&quot;infinite&quot;:&quot;yes&quot;,&quot;transition&quot;:&quot;slide&quot;,&quot;transition_speed&quot;:500}\" data-widget_type=\"slides.default\">\n\t\t\t\t<div class=\"elementor-widget-container\">\n\t\t\t\t\t<div class=\"elementor-swiper\">\n\t\t\t<div class=\"elementor-slides-wrapper elementor-main-swiper swiper-container\" dir=\"ltr\" data-animation=\"fadeInUp\">\n\t\t\t\t<div class=\"swiper-wrapper elementor-slides\">\n\t\t\t\t\t\t\t\t\t\t<div class=\"elementor-repeater-item-f02c44c swiper-slide\"><div class=\"swiper-slide-bg elementor-ken-burns elementor-ken-burns--in\"><\/div><div class=\"elementor-background-overlay\"><\/div><a class=\"swiper-slide-inner\" href=\"https:\/\/www.liftasesores.cl\/?page_id=5851\"><div class=\"swiper-slide-contents\"><div class=\"elementor-slide-heading\">Tecnolog\u00edas de la informaci\u00f3n<\/div><div class=\"elementor-slide-description\">Transmormaci\u00f3n digital, automatizaci\u00f3n de procesos, softwares de gesti\u00f3n empresarial, redes sociales y ofim\u00e1tica<\/div><div  class=\"elementor-button elementor-slide-button elementor-size-sm\">Cont\u00e1ctanos<\/div><\/div><\/a><\/div><div class=\"elementor-repeater-item-9c29742 swiper-slide\"><div class=\"swiper-slide-bg elementor-ken-burns elementor-ken-burns--in\"><\/div><div class=\"elementor-background-overlay\"><\/div><a class=\"swiper-slide-inner\" href=\"https:\/\/www.liftasesores.cl\/?page_id=5851\"><div class=\"swiper-slide-contents\"><div class=\"elementor-slide-heading\">Cuidado del talento humano<\/div><div class=\"elementor-slide-description\">Bienestar de los colaboradores, autocuidado y salud mental <\/div><div  class=\"elementor-button elementor-slide-button elementor-size-sm\">Cont\u00e1ctanos<\/div><\/div><\/a><\/div><div class=\"elementor-repeater-item-d6c3a77 swiper-slide\"><div class=\"swiper-slide-bg elementor-ken-burns elementor-ken-burns--in\"><\/div><div class=\"elementor-background-overlay\"><\/div><a class=\"swiper-slide-inner\" href=\"https:\/\/www.liftasesores.cl\/?page_id=5851\"><div class=\"swiper-slide-contents\"><div class=\"elementor-slide-heading\">Desarrollo de habilidades transversales<\/div><div class=\"elementor-slide-description\">Liderazgo, trabajo en equipo, resoluci\u00f3n de conflictos y comunicaci\u00f3n efectiva<\/div><div  class=\"elementor-button elementor-slide-button elementor-size-sm\">Cont\u00e1ctanos<\/div><\/div><\/a><\/div><div class=\"elementor-repeater-item-2a39acc swiper-slide\"><div class=\"swiper-slide-bg elementor-ken-burns elementor-ken-burns--in\"><\/div><div class=\"elementor-background-overlay\"><\/div><a class=\"swiper-slide-inner\" href=\"https:\/\/www.liftasesores.cl\/?page_id=5851\"><div class=\"swiper-slide-contents\"><div class=\"elementor-slide-heading\">Gesti\u00f3n empresarial<\/div><div class=\"elementor-slide-description\">Evaluaci\u00f3n de proyectos, finanzas, marketing y redes sociales, control de gesti\u00f3n, inteligencia de negocios y metodolog\u00edas \u00e1giles<\/div><div  class=\"elementor-button elementor-slide-button elementor-size-sm\">Cont\u00e1ctanos<\/div><\/div><\/a><\/div>\t\t\t\t<\/div>\n\t\t\t\t\t\t\t\t\t\t\t\t\t\t\t<div class=\"swiper-pagination\"><\/div>\n\t\t\t\t\t\t\t\t\t\t\t\t\t\t\t\t<div class=\"elementor-swiper-button elementor-swiper-button-prev\">\n\t\t\t\t\t\t\t<i aria-hidden=\"true\" class=\"eicon-chevron-left\"><\/i>\t\t\t\t\t\t\t<span class=\"elementor-screen-only\">Previous<\/span>\n\t\t\t\t\t\t<\/div>\n\t\t\t\t\t\t<div class=\"elementor-swiper-button elementor-swiper-button-next\">\n\t\t\t\t\t\t\t<i aria-hidden=\"true\" class=\"eicon-chevron-right\"><\/i>\t\t\t\t\t\t\t<span class=\"elementor-screen-only\">Next<\/span>\n\t\t\t\t\t\t<\/div>\n\t\t\t\t\t\t\t\t\t\t\t\t<\/div>\n\t\t<\/div>\n\t\t\t\t<\/div>\n\t\t\t\t<\/div>\n\t\t\t\t\t<\/div>\n\t\t<\/div>\n\t\t\t\t\t\t\t<\/div>\n\t\t<\/section>\n\t\t\t\t\t\t\t<\/div>\n\t\t","protected":false},"excerpt":{"rendered":"<p>\u00a0 \u00a0 Queremos que nuestros clientes mejoren el desempe\u00f1o del talento humano, el cual, es el \u00fanico recurso vivo dentro de las organizaciones.\u00a0 Con el objetivo de aumentar su desempe\u00f1o y mejorar la productividad para alcanzar de manera m\u00e1s eficiente los objetivos estrat\u00e9gicos de la organizaci\u00f3n. \u00a0 \u00a0 \u00a0 \u00a0 Con la actualizaci\u00f3n continua de&hellip;<\/p>\n","protected":false},"author":1,"featured_media":6383,"parent":0,"menu_order":0,"comment_status":"closed","ping_status":"closed","template":"","meta":{"footnotes":""},"class_list":["post-6304","page","type-page","status-publish","has-post-thumbnail","hentry"],"_links":{"self":[{"href":"https:\/\/www.liftasesores.cl\/index.php?rest_route=\/wp\/v2\/pages\/6304","targetHints":{"allow":["GET"]}}],"collection":[{"href":"https:\/\/www.liftasesores.cl\/index.php?rest_route=\/wp\/v2\/pages"}],"about":[{"href":"https:\/\/www.liftasesores.cl\/index.php?rest_route=\/wp\/v2\/types\/page"}],"author":[{"embeddable":true,"href":"https:\/\/www.liftasesores.cl\/index.php?rest_route=\/wp\/v2\/users\/1"}],"replies":[{"embeddable":true,"href":"https:\/\/www.liftasesores.cl\/index.php?rest_route=%2Fwp%2Fv2%2Fcomments&post=6304"}],"version-history":[{"count":58,"href":"https:\/\/www.liftasesores.cl\/index.php?rest_route=\/wp\/v2\/pages\/6304\/revisions"}],"predecessor-version":[{"id":6476,"href":"https:\/\/www.liftasesores.cl\/index.php?rest_route=\/wp\/v2\/pages\/6304\/revisions\/6476"}],"wp:featuredmedia":[{"embeddable":true,"href":"https:\/\/www.liftasesores.cl\/index.php?rest_route=\/wp\/v2\/media\/6383"}],"wp:attachment":[{"href":"https:\/\/www.liftasesores.cl\/index.php?rest_route=%2Fwp%2Fv2%2Fmedia&parent=6304"}],"curies":[{"name":"wp","href":"https:\/\/api.w.org\/{rel}","templated":true}]}}